{"id":2,"date":"2016-05-10T03:48:21","date_gmt":"2016-05-10T03:48:21","guid":{"rendered":"http:\/\/nuriyasargursoy.com\/?page_id=2"},"modified":"2025-09-28T01:36:59","modified_gmt":"2025-09-28T01:36:59","slug":"sample-page","status":"publish","type":"page","link":"https:\/\/nuriyasargursoy.com\/?page_id=2","title":{"rendered":"Biyografi"},"content":{"rendered":"<h6 data-start=\"199\" data-end=\"472\">Nuri Ya\u015far G\u00fcrsoy, 1991 y\u0131l\u0131nda \u0130stanbul\u2019da do\u011fmu\u015f, teknolojiye ve giri\u015fimcili\u011fe odakl\u0131 bir <strong data-start=\"291\" data-end=\"312\">seri giri\u015fimcidir<\/strong>. Hali\u00e7 \u00dcniversitesi Bilgisayar M\u00fchendisli\u011fi b\u00f6l\u00fcm\u00fcnden mezun olan G\u00fcrsoy, e\u011fitim hayat\u0131 boyunca yaz\u0131l\u0131m ve teknoloji alan\u0131nda sa\u011flam bir temel olu\u015fturmu\u015ftur.<\/p>\n<p>Mezuniyetinin ard\u0131ndan <strong data-start=\"497\" data-end=\"543\">RPA (Robotic Process Automation) developer<\/strong>, <strong data-start=\"545\" data-end=\"559\">sat\u0131n alma<\/strong> ve <strong data-start=\"563\" data-end=\"575\">planlama<\/strong> alanlar\u0131nda profesyonel i\u015f tecr\u00fcbeleri kazanm\u0131\u015ft\u0131r. Bu deneyimler, onun hem <strong data-start=\"652\" data-end=\"682\">teknolojik hem operasyonel<\/strong> s\u00fcre\u00e7leri derinlemesine anlamas\u0131n\u0131 sa\u011flam\u0131\u015f ve giri\u015fimcilik yolculu\u011funda b\u00fcy\u00fck avantaj sunmu\u015ftur.<\/p>\n<p>2025 y\u0131l\u0131nda kurdu\u011fu <strong data-start=\"805\" data-end=\"822\">Cam Interview<\/strong>, i\u015fe al\u0131m s\u00fcre\u00e7lerinde devrim yaratmay\u0131 hedefleyen yenilik\u00e7i bir platformdur. Cam Interview, video odakl\u0131 \u00f6zg\u00fcn yakla\u015f\u0131m\u0131 sayesinde adaylar\u0131n yeteneklerini daha \u015feffaf g\u00f6stermesini, \u015firketlerin ise i\u015fe al\u0131m s\u00fcre\u00e7lerini daha verimli y\u00f6netmesini sa\u011flar.<\/p>\n<p>G\u00fcrsoy ayr\u0131ca <strong data-start=\"1092\" data-end=\"1104\">Goo Game<\/strong> ve <strong data-start=\"1108\" data-end=\"1134\">YatKiralamaServisi.com<\/strong> projeleriyle farkl\u0131 sekt\u00f6rlerde inovatif \u00e7\u00f6z\u00fcmler \u00fcretmi\u015f, \u00e7e\u015fitli i\u015f modellerini deneyimlemi\u015ftir. Ana uzmanl\u0131k alan\u0131 <strong data-start=\"1253\" data-end=\"1277\">teknoloji ve yaz\u0131l\u0131m<\/strong> olan G\u00fcrsoy, giri\u015fimcilikteki motivasyonunu <strong data-start=\"1322\" data-end=\"1382\">toplumsal fayda yaratmak ve global \u00f6l\u00e7ekte de\u011fer \u00fcretmek<\/strong> olarak tan\u0131mlar.<\/p>\n<p>Cam Interview\u2019in sundu\u011fu yenilik\u00e7i yakla\u015f\u0131m ve b\u00fcy\u00fcme potansiyeli, onu <strong data-start=\"1474\" data-end=\"1512\">yat\u0131r\u0131mc\u0131lar i\u00e7in cazip bir f\u0131rsat<\/strong> haline getirmektedir. G\u00fcrsoy, vizyoner ve esnek yakla\u015f\u0131m\u0131yla teknoloji ve giri\u015fimcilik ekosisteminde fark yaratmay\u0131 s\u00fcrd\u00fcrmektedir.<\/h6>\n","protected":false},"excerpt":{"rendered":"<p>Nuri Ya\u015far G\u00fcrsoy, 1991 y\u0131l\u0131nda \u0130stanbul\u2019da do\u011fmu\u015f, teknolojiye ve giri\u015fimcili\u011fe odakl\u0131 bir seri giri\u015fimcidir. Hali\u00e7 \u00dcniversitesi Bilgisayar M\u00fchendisli\u011fi b\u00f6l\u00fcm\u00fcnden mezun olan G\u00fcrsoy, e\u011fitim hayat\u0131 boyunca yaz\u0131l\u0131m ve teknoloji alan\u0131nda sa\u011flam bir temel olu\u015fturmu\u015ftur. Mezuniyetinin ard\u0131ndan RPA (Robotic Process Automation) developer, sat\u0131n alma ve planlama alanlar\u0131nda profesyonel i\u015f tecr\u00fcbeleri kazanm\u0131\u015ft\u0131r. Bu deneyimler, onun hem teknolojik hem [&hellip;]<\/p>\n","protected":false},"author":1,"featured_media":0,"parent":0,"menu_order":0,"comment_status":"closed","ping_status":"open","template":"","meta":{"footnotes":""},"class_list":["post-2","page","type-page","status-publish","hentry"],"_links":{"self":[{"href":"https:\/\/nuriyasargursoy.com\/index.php?rest_route=\/wp\/v2\/pages\/2","targetHints":{"allow":["GET"]}}],"collection":[{"href":"https:\/\/nuriyasargursoy.com\/index.php?rest_route=\/wp\/v2\/pages"}],"about":[{"href":"https:\/\/nuriyasargursoy.com\/index.php?rest_route=\/wp\/v2\/types\/page"}],"author":[{"embeddable":true,"href":"https:\/\/nuriyasargursoy.com\/index.php?rest_route=\/wp\/v2\/users\/1"}],"replies":[{"embeddable":true,"href":"https:\/\/nuriyasargursoy.com\/index.php?rest_route=%2Fwp%2Fv2%2Fcomments&post=2"}],"version-history":[{"count":4,"href":"https:\/\/nuriyasargursoy.com\/index.php?rest_route=\/wp\/v2\/pages\/2\/revisions"}],"predecessor-version":[{"id":21,"href":"https:\/\/nuriyasargursoy.com\/index.php?rest_route=\/wp\/v2\/pages\/2\/revisions\/21"}],"wp:attachment":[{"href":"https:\/\/nuriyasargursoy.com\/index.php?rest_route=%2Fwp%2Fv2%2Fmedia&parent=2"}],"curies":[{"name":"wp","href":"https:\/\/api.w.org\/{rel}","templated":true}]}}